{"id":30,"date":"2023-09-15T16:21:46","date_gmt":"2023-09-15T16:21:46","guid":{"rendered":"https:\/\/editing.net\/site\/?post_type=product&#038;p=30"},"modified":"2023-11-29T15:28:06","modified_gmt":"2023-11-29T15:28:06","slug":"flashmetre","status":"publish","type":"product","link":"https:\/\/editing.net\/site\/produit\/flashmetre\/","title":{"rendered":"Flashmetre"},"content":{"rendered":"\n<p>Compact et l\u00e9ger, le flashm\u00e8tre SEKONIC L-308S se manipule d\u2019une seule main. Une seule touche d\u00e9clenche la mesure du flash ou de la lumi\u00e8re ambiante ; la lumisph\u00e8re de mesure en incidence coulisse sur un rail pour un changement rapide du mode de travail. La mesure peut \u00eatre effectu\u00e9e en d\u00e9clenchant le flash gr\u00e2ce au c\u00e2ble synchro (non fourni) ou sans fil.<\/p>\n\n\n\n<p>Le large \u00e9cran LCD donne toutes les informations n\u00e9cessaires avec une pr\u00e9cision de l\u2019ouverture par 1\/10, 1\/3 ou 1\/2 valeur (gamme de mesure de 0 \u00e0 19.9 EV). Mesure du contraste par lumidisc fourni.<\/p>\n\n\n\n<div class=\"wp-block-group\"><div class=\"wp-block-group__inner-container is-layout-constrained wp-block-group-is-layout-constrained\">\n<div class=\"wp-block-group is-vertical is-layout-flex wp-container-core-group-is-layout-fe9cc265 wp-block-group-is-layout-flex\">\n<p>Caract\u00e9ristiques techniques : <\/p>\n\n\n\n<p>Mesure flash avec (ou sans) cordon synchro <\/p>\n\n\n\n<p>Ecran d&rsquo;affichage LCD indique le mode de mesure et les donn\u00e9es en fonction de ce dernier<\/p>\n\n\n\n<p>Bouton unique de d\u00e9clenchement<\/p>\n\n\n\n<p>EV :  0 (min)  jusqu&rsquo;\u00e0 19.9 (max)<\/p>\n\n\n\n<p>Angle de mesure max 40.0 \u00b0 <\/p>\n\n\n\n<p>batterie AA b <\/p>\n\n\n\n<p>Diaphragme  entre f\/1.4  (min) et max f\/90 (max)<\/p>\n\n\n\n<p>Plage ISO comprise ente 3 (min) et 8000  (max)   <\/p>\n\n\n\n<p>Modes vid\u00e9o 8 to 128  <\/p>\n\n\n\n<p>Nombre de batteries : 1<\/p>\n\n\n\n<p>Type d&rsquo;\u00e9cran LCD  <\/p>\n\n\n\n<p>Vitesse d&rsquo;obturation entre 60 sec (max) et 1\/8000 (min)<\/p>\n<\/div>\n<\/div><\/div>\n\n\n\n<p><\/p>\n\n\n\n<pre class=\"wp-block-code has-black-color has-text-color\"><code><\/code><\/pre>\n","protected":false},"excerpt":{"rendered":"<p>Sekonic_Flashmetre_L-308S.jpg<br \/>Dimensions <br \/>(Largeur x Hauteur x Profondeur) : <br \/>63 x 110 x 22 mm<br \/>Poids emball\u00e9 : 320 g<br \/>Lou\u00e9 avec sa house souple de protection<br \/>Prix par jour<\/p>\n","protected":false},"featured_media":31,"comment_status":"open","ping_status":"closed","template":"","meta":[],"product_brand":[],"product_cat":[21],"product_tag":[],"class_list":{"0":"post-30","1":"product","2":"type-product","3":"status-publish","4":"has-post-thumbnail","6":"product_cat-sekonic","8":"first","9":"instock","10":"shipping-taxable","11":"purchasable","12":"product-type-simple"},"_links":{"self":[{"href":"https:\/\/editing.net\/site\/wp-json\/wp\/v2\/product\/30","targetHints":{"allow":["GET"]}}],"collection":[{"href":"https:\/\/editing.net\/site\/wp-json\/wp\/v2\/product"}],"about":[{"href":"https:\/\/editing.net\/site\/wp-json\/wp\/v2\/types\/product"}],"replies":[{"embeddable":true,"href":"https:\/\/editing.net\/site\/wp-json\/wp\/v2\/comments?post=30"}],"wp:featuredmedia":[{"embeddable":true,"href":"https:\/\/editing.net\/site\/wp-json\/wp\/v2\/media\/31"}],"wp:attachment":[{"href":"https:\/\/editing.net\/site\/wp-json\/wp\/v2\/media?parent=30"}],"wp:term":[{"taxonomy":"product_brand","embeddable":true,"href":"https:\/\/editing.net\/site\/wp-json\/wp\/v2\/product_brand?post=30"},{"taxonomy":"product_cat","embeddable":true,"href":"https:\/\/editing.net\/site\/wp-json\/wp\/v2\/product_cat?post=30"},{"taxonomy":"product_tag","embeddable":true,"href":"https:\/\/editing.net\/site\/wp-json\/wp\/v2\/product_tag?post=30"}],"curies":[{"name":"wp","href":"https:\/\/api.w.org\/{rel}","templated":true}]}}